{"id":241,"date":"2017-08-08T14:00:29","date_gmt":"2017-08-08T14:00:29","guid":{"rendered":"https:\/\/victorthemes.com\/themes\/groppe\/?page_id=241"},"modified":"2024-10-09T10:47:01","modified_gmt":"2024-10-09T08:47:01","slug":"qui-sommes-nous","status":"publish","type":"page","link":"https:\/\/rest-cor.org\/fr\/qui-sommes-nous\/","title":{"rendered":"Qui sommes nous"},"content":{"rendered":"<div class=\"wpb-content-wrapper\"><div class=\"vc_row wpb_row vc_row-fluid grop-dhav-dotted vc_custom_1506604734439\"><div class=\"wpb_column vc_column_container text-left vc_col-sm-12 vc_col-lg-6 vc_col-md-6\"><div class=\"vc_column-inner vc_custom_1507708767000\"><div class=\"wpb_wrapper\"><div class=\"vc_empty_space\"   style=\"height: 32px\"><span class=\"vc_empty_space_inner\"><\/span><\/div>\n\t<div  class=\"wpb_single_image wpb_content_element vc_align_left wpb_content_element\">\n\t\t\n\t\t<figure class=\"wpb_wrapper vc_figure\">\n\t\t\t<div class=\"vc_single_image-wrapper   vc_box_border_grey\"><img loading=\"lazy\" decoding=\"async\" width=\"1024\" height=\"664\" src=\"https:\/\/rest-cor.org\/wp-content\/uploads\/2024\/10\/le-siege-de-Rest-Cor.jpg\" class=\"vc_single_image-img attachment-full\" alt=\"\" title=\"le si\u00e8ge de Rest-Cor\" srcset=\"https:\/\/rest-cor.org\/wp-content\/uploads\/2024\/10\/le-siege-de-Rest-Cor.jpg 1024w, https:\/\/rest-cor.org\/wp-content\/uploads\/2024\/10\/le-siege-de-Rest-Cor-300x195.jpg 300w, https:\/\/rest-cor.org\/wp-content\/uploads\/2024\/10\/le-siege-de-Rest-Cor-768x498.jpg 768w\" sizes=\"auto, (max-width: 1024px) 100vw, 1024px\" \/><\/div>\n\t\t<\/figure>\n\t<\/div>\n<\/div><\/div><\/div><div class=\"wpb_column vc_column_container text-left vc_col-sm-12 vc_col-lg-6 vc_col-md-6\"><div class=\"vc_column-inner vc_custom_1507709761955\"><div class=\"wpb_wrapper\">\n\t<div class=\"wpb_text_column wpb_content_element grop-fix grop-about_txt\" >\n\t\t<div class=\"wpb_wrapper\">\n\t\t\t<h3>Qui sommes nous<\/h3>\n<p style=\"text-align: justify;\">Le R\u00e9seau Shalom de Transformation de Conflit et R\u00e9conciliation (REST-COR) a \u00e9t\u00e9 cr\u00e9\u00e9 en 2016 comme une mise en \u0153uvre de la troisi\u00e8me priorit\u00e9 du District-en-Formation Golfe de Guin\u00e9e (DFGG) de la Soci\u00e9t\u00e9 des Missions Africaines (SMA). Ladite priorit\u00e9 recommande un engagement concret dans les situations de Justice, Paix et Int\u00e9grit\u00e9 de la Cr\u00e9ation (JPIC) en Afrique de l\u2019Ouest (DFGG, 2013\u00a0: 18). Il s\u2019agit d\u2019une ind\u00e9pendante Organisation Non Gouvernementale (ONG), \u00e0 but non lucratif, en partenariat avec <em>Shalom Center for Conflict Resolution and Reconciliation (SCCRR)<\/em>, fond\u00e9 au Kenya (Afrique de l\u2019Est) en 2009 par le P\u00e8re Patrick Devine, <em>SMA<\/em>.<\/p>\n<p style=\"text-align: justify;\">Artisan de paix, REST-COR a la non-violence pour carte de victoire. Il \u0153uvre avec les communaut\u00e9s locales pour une gestion non-violente des conflits, afin de les\u00a0 transformer en jardins de solidarit\u00e9, de justice et de paix, pour un d\u00e9veloppement int\u00e9gral durable.<\/p>\n\n\t\t<\/div>\n\t<\/div>\n<\/div><\/div><\/div><\/div><div class=\"vc_row wpb_row vc_row-fluid grop-dhav-dotted\"><div class=\"wpb_column vc_column_container text-left vc_col-sm-6\"><div class=\"vc_column-inner vc_custom_1507807023746\"><div class=\"wpb_wrapper\"><div class=\"vc_tta-container\" data-vc-action=\"collapse\"><div class=\"vc_general vc_tta vc_tta-accordion vc_tta-color-grey vc_tta-style-classic vc_tta-shape-rounded vc_tta-o-shape-group vc_tta-controls-align-default\"><div class=\"vc_tta-panels-container\"><div class=\"vc_tta-panels\"><div class=\"vc_tta-panel vc_active\" id=\"1724198170140-12377e36-648c\" data-vc-content=\".vc_tta-panel-body\"><div class=\"vc_tta-panel-heading\"><h4 class=\"vc_tta-panel-title vc_tta-controls-icon-position-left\"><a href=\"#1724198170140-12377e36-648c\" data-vc-accordion data-vc-container=\".vc_tta-container\"><span class=\"vc_tta-title-text\">Notre mission<\/span><i class=\"vc_tta-controls-icon vc_tta-controls-icon-plus\"><\/i><\/a><\/h4><\/div><div class=\"vc_tta-panel-body\">\n\t<div class=\"wpb_text_column wpb_content_element wpb_animate_when_almost_visible wpb_fadeInRight fadeInRight\" >\n\t\t<div class=\"wpb_wrapper\">\n\t\t\t<p>\u0152uvrer pour une soci\u00e9t\u00e9 d\u00e9livr\u00e9e de conflits violents, d\u2019injustices sociales et structurales en Afrique, en travaillant pour\u00a0:<\/p>\n<ol>\n<li>La transformation sociale non-violente<\/li>\n<li>La Paix, la V\u00e9rit\u00e9, la Justice et la Mis\u00e9ricorde<\/li>\n<li>Le d\u00e9veloppement humain et social int\u00e9gral et durable<\/li>\n<li>L\u2019int\u00e9grit\u00e9 de l\u2019environnement<\/li>\n<li>Le respect des cultures et traditions locales qui ne sont pas un frein \u00e0 l\u2019int\u00e9grit\u00e9 humaine et environnementale<\/li>\n<\/ol>\n\n\t\t<\/div>\n\t<\/div>\n<\/div><\/div><div class=\"vc_tta-panel\" id=\"1724198170151-7c3aece4-194d\" data-vc-content=\".vc_tta-panel-body\"><div class=\"vc_tta-panel-heading\"><h4 class=\"vc_tta-panel-title vc_tta-controls-icon-position-left\"><a href=\"#1724198170151-7c3aece4-194d\" data-vc-accordion data-vc-container=\".vc_tta-container\"><span class=\"vc_tta-title-text\">Nos valeurs<\/span><i class=\"vc_tta-controls-icon vc_tta-controls-icon-plus\"><\/i><\/a><\/h4><\/div><div class=\"vc_tta-panel-body\">\n\t<div class=\"wpb_text_column wpb_content_element\" >\n\t\t<div class=\"wpb_wrapper\">\n\t\t\t<p>REST-COR a la non-violence, le respect mutuel, la transparence, l\u2019\u00e9galit\u00e9 du genre, la collaboration, les relations justes, la v\u00e9rit\u00e9, la mis\u00e9ricorde\u00a0et la qualit\u00e9 des services comme valeurs principales qui orientent ses diverses interventions pr\u00e9sentes et futures.<\/p>\n\n\t\t<\/div>\n\t<\/div>\n<\/div><\/div><div class=\"vc_tta-panel\" id=\"1724198359036-ee0fa7ce-e6d4\" data-vc-content=\".vc_tta-panel-body\"><div class=\"vc_tta-panel-heading\"><h4 class=\"vc_tta-panel-title vc_tta-controls-icon-position-left\"><a href=\"#1724198359036-ee0fa7ce-e6d4\" data-vc-accordion data-vc-container=\".vc_tta-container\"><span class=\"vc_tta-title-text\">Notre vision<\/span><i class=\"vc_tta-controls-icon vc_tta-controls-icon-plus\"><\/i><\/a><\/h4><\/div><div class=\"vc_tta-panel-body\">\n\t<div class=\"wpb_text_column wpb_content_element\" >\n\t\t<div class=\"wpb_wrapper\">\n\t\t\t<p>Une soci\u00e9t\u00e9 o\u00f9 la Paix, la Justice, la R\u00e9conciliation et l\u2019Int\u00e9grit\u00e9 de la Cr\u00e9ation pr\u00e9valent \u00e0 travers l\u2019Afrique.<\/p>\n\n\t\t<\/div>\n\t<\/div>\n<\/div><\/div><\/div><\/div><\/div><\/div><\/div><\/div><\/div><div class=\"wpb_column vc_column_container text-left vc_col-sm-6\"><div class=\"vc_column-inner\"><div class=\"wpb_wrapper\">\n\t<div  class=\"wpb_single_image wpb_content_element vc_align_left wpb_content_element wpb_animate_when_almost_visible wpb_fadeInRight fadeInRight\">\n\t\t\n\t\t<figure class=\"wpb_wrapper vc_figure\">\n\t\t\t<div class=\"vc_single_image-wrapper   vc_box_border_grey\"><img loading=\"lazy\" decoding=\"async\" width=\"400\" height=\"282\" src=\"https:\/\/rest-cor.org\/wp-content\/uploads\/2024\/08\/logor.jpg\" class=\"vc_single_image-img attachment-full\" alt=\"\" title=\"logor\" srcset=\"https:\/\/rest-cor.org\/wp-content\/uploads\/2024\/08\/logor.jpg 400w, https:\/\/rest-cor.org\/wp-content\/uploads\/2024\/08\/logor-300x212.jpg 300w\" sizes=\"auto, (max-width: 400px) 100vw, 400px\" \/><\/div>\n\t\t<\/figure>\n\t<\/div>\n<\/div><\/div><\/div><\/div><div class=\"vc_row wpb_row vc_row-fluid grop-dhav-dotted vc_custom_1724199055180 vc_row-has-fill\"><div class=\"wpb_column vc_column_container text-left vc_col-sm-12\"><div class=\"vc_column-inner vc_custom_1504694696117\"><div class=\"wpb_wrapper\"><div class=\"grop-callout_area  grop-parlx-69e5ad9e60134\"><div class=\"grop-vertical_middle  grop-fix grop-callout_container   vc_custom_1504695436119\"><div class=\"grop-ab_calut_txt\"><p><span style=\"color: #fff;\">DEVENEZ UNE PARTIE DE NOTRE FAMILLE ET OEUVRONS ENSEMBLE !<\/span><\/p>\n<\/div><div class=\"grop-float_right grop-callout_btn_warp\"><div class=\"calout-btn\"><a class=\"grop-btn grop-btn_overly grop-callout_btn grop-btn-69e5ad9e60223-devenir-volontaire\" href=\"#\"><span>DEVENIR VOLONTAIRE<\/span><\/a><\/div><\/div><\/div><\/div><\/div><\/div><\/div><\/div><div class=\"vc_row wpb_row vc_row-fluid grop-dhav-dotted\"><div class=\"wpb_column vc_column_container text-left vc_col-sm-12\"><div class=\"vc_column-inner vc_custom_1507807023746\"><div class=\"wpb_wrapper\"><div class=\"grop-project_tabs\"><nav>\n                  <div class=\"nav nav-tabs grop-fix grop-list_unstyled  grop-prjct_nav_tabs\" id=\"nav-tab\" role=\"tablist\"><a class=\"nav-item nav-link\" id=\"nav-69e5ad9e606600-tab\" data-toggle=\"tab\" href=\"#nav-69e5ad9e606600\" role=\"tab\" aria-controls=\"nav-69e5ad9e606600\" aria-selected=\"true\">APPROCHE<\/a><a class=\"nav-item nav-link active\" id=\"nav-69e5ad9e606601-tab\" data-toggle=\"tab\" href=\"#nav-69e5ad9e606601\" role=\"tab\" aria-controls=\"nav-69e5ad9e606601\" aria-selected=\"true\">APPROCHE 2<\/a><\/div>\n                <\/nav><div class=\"tab-content grop-project_tabs_content tab-animation\" id=\"nav-tabContent\"><div class=\"tab-pane\" id=\"nav-69e5ad9e606600\" role=\"tabpanel\" aria-labelledby=\"nav-69e5ad9e606600-tab\"><div class=\"segva-main-content\">\n\t<div class=\"wpb_text_column wpb_content_element wpb_animate_when_almost_visible wpb_fadeInLeft fadeInLeft\" >\n\t\t<div class=\"wpb_wrapper\">\n\t\t\t<p style=\"text-align: justify;\">Pour ce qui est de la m\u00e9thodologie d\u2019intervention, REST-COR identifie les personnes influentes dans les zones de conflit et renforce leurs capacit\u00e9s en gestion de conflits \u00e0 travers des ateliers de formation. L\u2019objectif est d\u2019\u00e9tablir des <strong><em>cercles d\u2019artisans de paix<\/em><\/strong> comp\u00e9tents en pr\u00e9vention, gestion non-violente, r\u00e9solution, transformation de conflits et r\u00e9conciliation dans les communaut\u00e9s locales. L\u2019ensemble des cercles de paix \u00e9tablis dans les zones d\u2019intervention, formera <strong><em>un r\u00e9seau d\u2019artisans de paix<\/em><\/strong>, membres de la famille REST-COR. Il s\u2019agit de renforcement de capacit\u00e9s des communaut\u00e9s locales pour faire d\u2019elles les architectes d\u2019une cohabitation pacifique pour un \u00e9panouissement mutuel dans leur futur partag\u00e9. Il s\u2019agit d\u2019une approche holistique pour l\u2019\u00e9dification d\u2019une paix durable, cr\u00e9ant ainsi un environnement propice au d\u00e9veloppement int\u00e9gral dural.<\/p>\n\n\t\t<\/div>\n\t<\/div>\n<\/div><\/div><div class=\"tab-pane  active show\" id=\"nav-69e5ad9e606601\" role=\"tabpanel\" aria-labelledby=\"nav-69e5ad9e606601-tab\"><div class=\"segva-main-content\">\n\t<div class=\"wpb_text_column wpb_content_element wpb_animate_when_almost_visible wpb_fadeInLeft fadeInLeft\" >\n\t\t<div class=\"wpb_wrapper\">\n\t\t\t<p style=\"text-align: justify;\">Au R\u00e9seau Shalom de Transformation de Conflit et R\u00e9conciliation (REST-COR), le travail d\u2019\u00e9quipe et le\u00a0 partenariat strat\u00e9gique sont tr\u00e8s importants et l\u2019accent est mis sur les causes profondes des conflits en opposition au simple traitement des sympt\u00f4mes. Ainsi, nous promouvons une approche holistique des r\u00e9alit\u00e9s, \u00e9v\u00e9nements et situations (sociaux, politiques, religieux). Il y a un besoin irr\u00e9vocable de transformation des probl\u00e8mes profonds qui emp\u00eachent la paix, la justice et le d\u00e9veloppement social durables. Les actions de REST-COR seront donc justifi\u00e9es par leurs r\u00e9sultats de transformation et de gu\u00e9rison. Dans un environnement africain en perp\u00e9tuels conflits, o\u00f9 des personnes sont tu\u00e9es, marginalis\u00e9es et d\u00e9plac\u00e9es, les valeurs sociales et religieuses de v\u00e9rit\u00e9, justice, paix, mis\u00e9ricorde et protection de l\u2019environnement ne peuvent pas prendre racines. Il est \u00e9galement difficile d\u2019avoir un d\u00e9veloppement durable dans de tels environnements.<\/p>\n\n\t\t<\/div>\n\t<\/div>\n<\/div><\/div><\/div><\/div><\/div><\/div><\/div><\/div><div class=\"vc_row wpb_row vc_row-fluid grop-dhav-dotted\"><div class=\"wpb_column vc_column_container text-left vc_col-sm-12\"><div class=\"vc_column-inner\"><div class=\"wpb_wrapper\"><div class=\"grop-section_text   grop-heading-69e5ad9e60d5d   vc_custom_1724199578326 text-center\"><div class=\"text-uppercase grop-sctn_title_fntSz-30   grop-heading-69e5ad9e60d5d  text-center\">Objectifs sp\u00e9cifiques<\/div><\/div>\n\t<div class=\"wpb_text_column wpb_content_element wpb_animate_when_almost_visible wpb_fadeInRight fadeInRight\" >\n\t\t<div class=\"wpb_wrapper\">\n\t\t\t<p><strong>OBJECTIFS SPECIFIQUES<\/strong><\/p>\n<p><strong>Objectif 1:<\/strong> Former les leaders de communaut\u00e9 en Pr\u00e9vention et transformation de conflit, \u00e0 travers des ateliers de formation ;<\/p>\n<p><strong>Objectif 2:<\/strong> Conduire des recherches sur les causes profondes des conflits, afin de renseigner les interventions locales de transformation de conflit et d\u2019orienter les politiques de d\u00e9veloppement\u00a0;<\/p>\n<p><strong>Objectif 3:<\/strong> Influencer les politiques de d\u00e9veloppement national dans les zones affect\u00e9es par des conflits entre communaut\u00e9s\u00a0;<\/p>\n<p><strong>Objectif 4:<\/strong> Renforcer le r\u00f4le des organisations religieuses, civiles et ONG en transformation de conflit, en d\u00e9veloppement\u00a0et en sauvegarde de l\u2019environnement ;<\/p>\n<p><strong>Objectif 5:<\/strong> Introduire une \u00e9ducation \u00e0 la paix dans les \u00e9coles et institutions d\u2019apprentissage, principalement dans les zones en proie \u00e0 de violents conflits.<\/p>\n\n\t\t<\/div>\n\t<\/div>\n<\/div><\/div><\/div><\/div><div data-vc-full-width=\"true\" data-vc-full-width-init=\"false\" data-vc-stretch-content=\"true\" class=\"vc_row wpb_row vc_row-fluid grop-dhav-dotted vc_row-no-padding\"><div class=\"wpb_column vc_column_container text-left vc_col-sm-12\"><div class=\"vc_column-inner\"><div class=\"wpb_wrapper\"><div class=\"vc_empty_space\"   style=\"height: 32px\"><span class=\"vc_empty_space_inner\"><\/span><\/div><\/div><\/div><\/div><\/div><div class=\"vc_row-full-width vc_clearfix\"><\/div>\n<\/div>","protected":false},"excerpt":{"rendered":"Qui sommes nous Le R\u00e9seau Shalom de Transformation de Conflit et R\u00e9conciliation (REST-COR) a \u00e9t\u00e9 cr\u00e9\u00e9 en 2016 comme une mise en \u0153uvre de la troisi\u00e8me priorit\u00e9 du District-en-Formation Golfe ...","protected":false},"author":1,"featured_media":0,"parent":0,"menu_order":0,"comment_status":"closed","ping_status":"closed","template":"","meta":{"footnotes":""},"class_list":["post-241","page","type-page","status-publish","hentry"],"_links":{"self":[{"href":"https:\/\/rest-cor.org\/fr\/wp-json\/wp\/v2\/pages\/241","targetHints":{"allow":["GET"]}}],"collection":[{"href":"https:\/\/rest-cor.org\/fr\/wp-json\/wp\/v2\/pages"}],"about":[{"href":"https:\/\/rest-cor.org\/fr\/wp-json\/wp\/v2\/types\/page"}],"author":[{"embeddable":true,"href":"https:\/\/rest-cor.org\/fr\/wp-json\/wp\/v2\/users\/1"}],"replies":[{"embeddable":true,"href":"https:\/\/rest-cor.org\/fr\/wp-json\/wp\/v2\/comments?post=241"}],"version-history":[{"count":14,"href":"https:\/\/rest-cor.org\/fr\/wp-json\/wp\/v2\/pages\/241\/revisions"}],"predecessor-version":[{"id":2789,"href":"https:\/\/rest-cor.org\/fr\/wp-json\/wp\/v2\/pages\/241\/revisions\/2789"}],"wp:attachment":[{"href":"https:\/\/rest-cor.org\/fr\/wp-json\/wp\/v2\/media?parent=241"}],"curies":[{"name":"wp","href":"https:\/\/api.w.org\/{rel}","templated":true}]}}