{"id":568,"date":"2017-08-21T07:40:16","date_gmt":"2017-08-21T07:40:16","guid":{"rendered":"https:\/\/victorthemes.com\/themes\/groppe\/?page_id=568"},"modified":"2024-08-21T03:28:27","modified_gmt":"2024-08-21T01:28:27","slug":"actualites","status":"publish","type":"page","link":"https:\/\/rest-cor.org\/fr\/actualites\/","title":{"rendered":"Actualit\u00e9s"},"content":{"rendered":"<div class=\"wpb-content-wrapper\"><div class=\"vc_row wpb_row vc_row-fluid grop-dhav-dotted vc_custom_1507036182013\"><div class=\"wpb_column vc_column_container text-left vc_col-sm-12\"><div class=\"vc_column-inner\"><div class=\"wpb_wrapper\">\n    <!-- Blog Start -->\n    <div class=\"grop-blog-wrap grop-blog_post_warp\">\n            <article id=\"post-2853\" class=\"grop-blog_post post-2853 post type-post status-publish format-standard hentry category-rest-cor\">\n        \t\t\t\t<header class=\"grop-post_header\">\n\t\t\t\t\t<div class=\"grop-post_image\">\n\t\t\t\t\t\t\t\t\t\t\t<\/div>\n            <p class=\"grop-post_meta\">\n                            <span class=\"grop-post_date\"><i class=\"fa fa-clock-o\"><\/i>27 Sep 2025<\/span>\n              <span class=\"grop-post_in\"><i class=\"fa fa-folder-o\"><\/i>In <a href=\"https:\/\/rest-cor.org\/fr\/category\/rest-cor\/\" rel=\"category tag\">Rest-cor<\/a> <\/span>              <span class=\"grop-post_by\">\n                <i class=\"fa fa-pencil\"><\/i>By<span> <a href=\"https:\/\/rest-cor.org\/fr\/author\/admin\/\" rel=\"author\">admin<\/a><\/span>              <\/span>\n                          <\/p>\n\t\t\t\t\t<h2 class=\"grop-post_title\"><a href=\"https:\/\/rest-cor.org\/fr\/jeune-citoyen-et-elections-en-cote-divoire-quel-lien-et-quels-comportements-adopter\/\">Jeune citoyen et \u00e9lections en C\u00f4te d\u2019Ivoire, quel lien et quels comportements adopter ?<\/a><\/h2>\t\t\t\t<\/header>\n\t\t\t\t<div class=\"grop-post_content\">\n\t\t\t\t\t<p>J\u2019introduis en disant que si cette question nous revient \u00e0 chaque p\u00e9riode \u00e9lectorale, c\u2019est parce que les jeunes sont importants, constituent la majorit\u00e9 de la population et sont tr\u00e8s souvent manipul\u00e9s par les hommes et femmes politiques pour atteindre leurs objectifs. De ce fait, mon &#8230;<\/p>\n\t\t\t\t<\/div>\n\t\t\t\t<footer class=\"grop-post_footer\">\n          <div class=\"row\">\n\t\t\t\t\t<div class=\"text-left  col-md-6\">\n\t\t\t\t\t\t<a class=\"grop-btn grop-btn_overly grop-postrm_btn bp-read-more\" href=\"https:\/\/rest-cor.org\/fr\/jeune-citoyen-et-elections-en-cote-divoire-quel-lien-et-quels-comportements-adopter\/\">\n\t\t\t\t\t\t\t<span>Read More<\/span>\n\t\t\t\t\t\t<\/a>\n\t\t\t\t\t<\/div>\n\t\t\t\t\t\t\t\t\t\t\t<div class=\"text-right  col-md-6\">\n\t\t\t\t\t\t<a href=\"https:\/\/rest-cor.org\/fr\/jeune-citoyen-et-elections-en-cote-divoire-quel-lien-et-quels-comportements-adopter\/#respond\"><span class=\"grop-post_comnt\"><i class=\"fa fa-comment-o\"><\/i><span>0<\/span><\/span><\/a>\t\t\t\t\t\t<\/div>\n\t\t\t\t\t        <\/div>\n\t\t\t\t<\/footer>\n\t\t\t        <\/article><!-- #post-## -->\n            <article id=\"post-2839\" class=\"grop-blog_post post-2839 post type-post status-publish format-standard has-post-thumbnail hentry category-event category-rest-cor\">\n        \t\t\t\t<header class=\"grop-post_header\">\n\t\t\t\t\t<div class=\"grop-post_image\">\n\t\t\t\t\t\t\t          \t<img decoding=\"async\" src=\"https:\/\/rest-cor.org\/wp-content\/uploads\/2025\/07\/forum-sur-la-cohesion-sociale-et-la-paix-28.06.25A.jpg\" alt=\"Forum sur la Coh\u00e9sion Sociale et la Paix\u00a0: L\u2019expertise de REST-COR mise \u00e0 profit\">\n\t        \t\t\t\t\t\t<\/div>\n            <p class=\"grop-post_meta\">\n                            <span class=\"grop-post_date\"><i class=\"fa fa-clock-o\"><\/i>14 Juil 2025<\/span>\n              <span class=\"grop-post_in\"><i class=\"fa fa-folder-o\"><\/i>In <a href=\"https:\/\/rest-cor.org\/fr\/category\/event\/\" rel=\"category tag\">Event<\/a>, <a href=\"https:\/\/rest-cor.org\/fr\/category\/rest-cor\/\" rel=\"category tag\">Rest-cor<\/a> <\/span>              <span class=\"grop-post_by\">\n                <i class=\"fa fa-pencil\"><\/i>By<span> <a href=\"https:\/\/rest-cor.org\/fr\/author\/admin\/\" rel=\"author\">admin<\/a><\/span>              <\/span>\n                          <\/p>\n\t\t\t\t\t<h2 class=\"grop-post_title\"><a href=\"https:\/\/rest-cor.org\/fr\/forum-sur-la-cohesion-sociale-et-la-paix-lexpertise-de-rest-cor-mise-a-profit\/\">Forum sur la Coh\u00e9sion Sociale et la Paix\u00a0: L\u2019expertise de REST-COR mise \u00e0 profit<\/a><\/h2>\t\t\t\t<\/header>\n\t\t\t\t<div class=\"grop-post_content\">\n\t\t\t\t\t<p>La Commission Dioc\u00e9saine Justice Paix et Environnement (CDJPE) du dioc\u00e8se de Yopougon a coorganis\u00e9 avec le R\u00e9seau Shalom de Transformation de Conflit et de R\u00e9conciliation (REST-COR) le forum sur la coh\u00e9sion sociale et la paix ce samedi 28 juin 2025 \u00e0 la Cath\u00e9drale Saint Andr\u00e9 &#8230;<\/p>\n\t\t\t\t<\/div>\n\t\t\t\t<footer class=\"grop-post_footer\">\n          <div class=\"row\">\n\t\t\t\t\t<div class=\"text-left  col-md-6\">\n\t\t\t\t\t\t<a class=\"grop-btn grop-btn_overly grop-postrm_btn bp-read-more\" href=\"https:\/\/rest-cor.org\/fr\/forum-sur-la-cohesion-sociale-et-la-paix-lexpertise-de-rest-cor-mise-a-profit\/\">\n\t\t\t\t\t\t\t<span>Read More<\/span>\n\t\t\t\t\t\t<\/a>\n\t\t\t\t\t<\/div>\n\t\t\t\t\t\t\t\t\t\t\t<div class=\"text-right  col-md-6\">\n\t\t\t\t\t\t<a href=\"https:\/\/rest-cor.org\/fr\/forum-sur-la-cohesion-sociale-et-la-paix-lexpertise-de-rest-cor-mise-a-profit\/#respond\"><span class=\"grop-post_comnt\"><i class=\"fa fa-comment-o\"><\/i><span>0<\/span><\/span><\/a>\t\t\t\t\t\t<\/div>\n\t\t\t\t\t        <\/div>\n\t\t\t\t<\/footer>\n\t\t\t        <\/article><!-- #post-## -->\n            <article id=\"post-2824\" class=\"grop-blog_post post-2824 post type-post status-publish format-standard has-post-thumbnail hentry category-non-classe\">\n        \t\t\t\t<header class=\"grop-post_header\">\n\t\t\t\t\t<div class=\"grop-post_image\">\n\t\t\t\t\t\t\t          \t<img decoding=\"async\" src=\"https:\/\/rest-cor.org\/wp-content\/uploads\/2024\/11\/3.jpg\" alt=\"Eduquer aux valeurs de paix, Rest-Cor dans des \u00e9tablissements de la DRENA de Soubr\u00e9\">\n\t        \t\t\t\t\t\t<\/div>\n            <p class=\"grop-post_meta\">\n                            <span class=\"grop-post_date\"><i class=\"fa fa-clock-o\"><\/i>20 Nov 2024<\/span>\n              <span class=\"grop-post_in\"><i class=\"fa fa-folder-o\"><\/i>In <a href=\"https:\/\/rest-cor.org\/fr\/category\/non-classe\/\" rel=\"category tag\">Non class\u00e9<\/a> <\/span>              <span class=\"grop-post_by\">\n                <i class=\"fa fa-pencil\"><\/i>By<span> <a href=\"https:\/\/rest-cor.org\/fr\/author\/admin01\/\" rel=\"author\">admin01<\/a><\/span>              <\/span>\n                          <\/p>\n\t\t\t\t\t<h2 class=\"grop-post_title\"><a href=\"https:\/\/rest-cor.org\/fr\/eduquer-aux-valeurs-de-paix-rest-cor-dans-des-etablissements-de-la-drena-de-soubre\/\">Eduquer aux valeurs de paix, Rest-Cor dans des \u00e9tablissements de la DRENA de Soubr\u00e9<\/a><\/h2>\t\t\t\t<\/header>\n\t\t\t\t<div class=\"grop-post_content\">\n\t\t\t\t\t<p>Du mercredi 20 au vendredi 22 Mars 2024 le R\u00e9seau Shalom de Transformation de Conflit et de R\u00e9conciliation (Rest-Cor) \u00e9tait en tourn\u00e9e de formation dans la DRENA de Soubr\u00e9 Chef-lieu de la r\u00e9gion de la Nawa. Rest-Cor avait pour objectif d\u2019initier les \u00e9l\u00e8ves \u00e0 la &#8230;<\/p>\n\t\t\t\t<\/div>\n\t\t\t\t<footer class=\"grop-post_footer\">\n          <div class=\"row\">\n\t\t\t\t\t<div class=\"text-left  col-md-6\">\n\t\t\t\t\t\t<a class=\"grop-btn grop-btn_overly grop-postrm_btn bp-read-more\" href=\"https:\/\/rest-cor.org\/fr\/eduquer-aux-valeurs-de-paix-rest-cor-dans-des-etablissements-de-la-drena-de-soubre\/\">\n\t\t\t\t\t\t\t<span>Read More<\/span>\n\t\t\t\t\t\t<\/a>\n\t\t\t\t\t<\/div>\n\t\t\t\t\t\t\t\t\t\t\t<div class=\"text-right  col-md-6\">\n\t\t\t\t\t\t<a href=\"https:\/\/rest-cor.org\/fr\/eduquer-aux-valeurs-de-paix-rest-cor-dans-des-etablissements-de-la-drena-de-soubre\/#respond\"><span class=\"grop-post_comnt\"><i class=\"fa fa-comment-o\"><\/i><span>0<\/span><\/span><\/a>\t\t\t\t\t\t<\/div>\n\t\t\t\t\t        <\/div>\n\t\t\t\t<\/footer>\n\t\t\t        <\/article><!-- #post-## -->\n            <article id=\"post-2820\" class=\"grop-blog_post post-2820 post type-post status-publish format-standard has-post-thumbnail hentry category-rest-cor\">\n        \t\t\t\t<header class=\"grop-post_header\">\n\t\t\t\t\t<div class=\"grop-post_image\">\n\t\t\t\t\t\t\t          \t<img decoding=\"async\" src=\"https:\/\/rest-cor.org\/wp-content\/uploads\/2024\/11\/Art-Egl-et-Election.png\" alt=\"Eglise catholique et \u00e9lections en C\u00f4te d\u2019Ivoire, quel lien et quels comportements adopter\u00a0?\">\n\t        \t\t\t\t\t\t<\/div>\n            <p class=\"grop-post_meta\">\n                            <span class=\"grop-post_date\"><i class=\"fa fa-clock-o\"><\/i>04 Nov 2024<\/span>\n              <span class=\"grop-post_in\"><i class=\"fa fa-folder-o\"><\/i>In <a href=\"https:\/\/rest-cor.org\/fr\/category\/rest-cor\/\" rel=\"category tag\">Rest-cor<\/a> <\/span>              <span class=\"grop-post_by\">\n                <i class=\"fa fa-pencil\"><\/i>By<span> <a href=\"https:\/\/rest-cor.org\/fr\/author\/admin01\/\" rel=\"author\">admin01<\/a><\/span>              <\/span>\n                          <\/p>\n\t\t\t\t\t<h2 class=\"grop-post_title\"><a href=\"https:\/\/rest-cor.org\/fr\/eglise-catholique-et-elections-en-cote-divoire-quel-lien-et-quels-comportements-adopter\/\">Eglise catholique et \u00e9lections en C\u00f4te d\u2019Ivoire, quel lien et quels comportements adopter\u00a0?<\/a><\/h2>\t\t\t\t<\/header>\n\t\t\t\t<div class=\"grop-post_content\">\n\t\t\t\t\t<p>J\u2019introduis en disant que si cette question nous revient \u00e0 chaque p\u00e9riode \u00e9lectorale, c\u2019est parce que la doctrine sociale de l\u2019Eglise qui est essentiel \u00e0 la pratique de la foi catholique n\u2019est pas bien connue. De ce fait, ma pr\u00e9sentation se fera en trois points &#8230;<\/p>\n\t\t\t\t<\/div>\n\t\t\t\t<footer class=\"grop-post_footer\">\n          <div class=\"row\">\n\t\t\t\t\t<div class=\"text-left  col-md-6\">\n\t\t\t\t\t\t<a class=\"grop-btn grop-btn_overly grop-postrm_btn bp-read-more\" href=\"https:\/\/rest-cor.org\/fr\/eglise-catholique-et-elections-en-cote-divoire-quel-lien-et-quels-comportements-adopter\/\">\n\t\t\t\t\t\t\t<span>Read More<\/span>\n\t\t\t\t\t\t<\/a>\n\t\t\t\t\t<\/div>\n\t\t\t\t\t\t\t\t\t\t\t<div class=\"text-right  col-md-6\">\n\t\t\t\t\t\t<a href=\"https:\/\/rest-cor.org\/fr\/eglise-catholique-et-elections-en-cote-divoire-quel-lien-et-quels-comportements-adopter\/#respond\"><span class=\"grop-post_comnt\"><i class=\"fa fa-comment-o\"><\/i><span>0<\/span><\/span><\/a>\t\t\t\t\t\t<\/div>\n\t\t\t\t\t        <\/div>\n\t\t\t\t<\/footer>\n\t\t\t        <\/article><!-- #post-## -->\n            <article id=\"post-2809\" class=\"grop-blog_post post-2809 post type-post status-publish format-standard has-post-thumbnail hentry category-event category-rest-cor\">\n        \t\t\t\t<header class=\"grop-post_header\">\n\t\t\t\t\t<div class=\"grop-post_image\">\n\t\t\t\t\t\t\t          \t<img decoding=\"async\" src=\"https:\/\/rest-cor.org\/wp-content\/uploads\/2024\/10\/bietry1-scaled.jpg\" alt=\"C\u00f4te d\u2019Ivoire, Vie Scolaire. L\u2019ONG Rest-Cor engag\u00e9e pour une \u00e9cole de paix et de non-violence.\">\n\t        \t\t\t\t\t\t<\/div>\n            <p class=\"grop-post_meta\">\n                            <span class=\"grop-post_date\"><i class=\"fa fa-clock-o\"><\/i>30 Oct 2024<\/span>\n              <span class=\"grop-post_in\"><i class=\"fa fa-folder-o\"><\/i>In <a href=\"https:\/\/rest-cor.org\/fr\/category\/event\/\" rel=\"category tag\">Event<\/a>, <a href=\"https:\/\/rest-cor.org\/fr\/category\/rest-cor\/\" rel=\"category tag\">Rest-cor<\/a> <\/span>              <span class=\"grop-post_by\">\n                <i class=\"fa fa-pencil\"><\/i>By<span> <a href=\"https:\/\/rest-cor.org\/fr\/author\/admin01\/\" rel=\"author\">admin01<\/a><\/span>              <\/span>\n                          <\/p>\n\t\t\t\t\t<h2 class=\"grop-post_title\"><a href=\"https:\/\/rest-cor.org\/fr\/cote-divoire-vie-scolaire-long-rest-cor-engagee-pour-une-ecole-de-paix-et-de-non-violence\/\">C\u00f4te d\u2019Ivoire, Vie Scolaire. L\u2019ONG Rest-Cor engag\u00e9e pour une \u00e9cole de paix et de non-violence.<\/a><\/h2>\t\t\t\t<\/header>\n\t\t\t\t<div class=\"grop-post_content\">\n\t\t\t\t\t<p>Le mercredi 13 mars 2024, s\u2019est tenu au Coll\u00e8ge Moderne de Bi\u00e9try un atelier de formation anim\u00e9 par le P\u00e8re Michel Savadogo Pingdewind\u00e9, Directeur Ex\u00e9cutif de l\u2019ONG R\u00e9seau Shalom de Transformation de conflit et de R\u00e9conciliation (Rest-Cor) de la Soci\u00e9t\u00e9 des Missions Africaines (sma). Cet &#8230;<\/p>\n\t\t\t\t<\/div>\n\t\t\t\t<footer class=\"grop-post_footer\">\n          <div class=\"row\">\n\t\t\t\t\t<div class=\"text-left  col-md-6\">\n\t\t\t\t\t\t<a class=\"grop-btn grop-btn_overly grop-postrm_btn bp-read-more\" href=\"https:\/\/rest-cor.org\/fr\/cote-divoire-vie-scolaire-long-rest-cor-engagee-pour-une-ecole-de-paix-et-de-non-violence\/\">\n\t\t\t\t\t\t\t<span>Read More<\/span>\n\t\t\t\t\t\t<\/a>\n\t\t\t\t\t<\/div>\n\t\t\t\t\t\t\t\t\t\t\t<div class=\"text-right  col-md-6\">\n\t\t\t\t\t\t<a href=\"https:\/\/rest-cor.org\/fr\/cote-divoire-vie-scolaire-long-rest-cor-engagee-pour-une-ecole-de-paix-et-de-non-violence\/#respond\"><span class=\"grop-post_comnt\"><i class=\"fa fa-comment-o\"><\/i><span>0<\/span><\/span><\/a>\t\t\t\t\t\t<\/div>\n\t\t\t\t\t        <\/div>\n\t\t\t\t<\/footer>\n\t\t\t        <\/article><!-- #post-## -->\n          <\/div>\n    <!-- Blog End -->\n      <div class=\"text-center grop-posts-pagination-warp\">\n    <nav class=\"navigation pagination\">\n      <div class=\"nav-links\">\n      <span aria-current=\"page\" class=\"page-numbers current\">1<\/span>\n<a class=\"page-numbers\" href=\"https:\/\/rest-cor.org\/fr\/wp-json\/wp\/v2\/pages\/568\/page\/2\/\">2<\/a>\n<a class=\"next page-numbers\" href=\"https:\/\/rest-cor.org\/fr\/wp-json\/wp\/v2\/pages\/568\/page\/2\/\">Next <i class=\"fa fa-angle-right\"><\/i><\/a>      <\/div>\n    <\/nav>\n  <\/div>\n<\/div><\/div><\/div><\/div>\n<\/div>","protected":false},"excerpt":{"rendered":"Le mercredi 13 mars 2024, s\u2019est tenu au Coll\u00e8ge Moderne de Bi\u00e9try un atelier de formation anim\u00e9 par le P\u00e8re Michel Savadogo Pingdewind\u00e9, Directeur Ex\u00e9cutif de l\u2019ONG R\u00e9seau Shalom de Transformation de conflit et de R\u00e9conciliation (Rest-Cor) de la Soci\u00e9t\u00e9 des Missions Africaines (sma). Cet ...","protected":false},"author":1,"featured_media":0,"parent":0,"menu_order":0,"comment_status":"closed","ping_status":"closed","template":"","meta":{"footnotes":""},"class_list":["post-568","page","type-page","status-publish","hentry"],"_links":{"self":[{"href":"https:\/\/rest-cor.org\/fr\/wp-json\/wp\/v2\/pages\/568","targetHints":{"allow":["GET"]}}],"collection":[{"href":"https:\/\/rest-cor.org\/fr\/wp-json\/wp\/v2\/pages"}],"about":[{"href":"https:\/\/rest-cor.org\/fr\/wp-json\/wp\/v2\/types\/page"}],"author":[{"embeddable":true,"href":"https:\/\/rest-cor.org\/fr\/wp-json\/wp\/v2\/users\/1"}],"replies":[{"embeddable":true,"href":"https:\/\/rest-cor.org\/fr\/wp-json\/wp\/v2\/comments?post=568"}],"version-history":[{"count":1,"href":"https:\/\/rest-cor.org\/fr\/wp-json\/wp\/v2\/pages\/568\/revisions"}],"predecessor-version":[{"id":2759,"href":"https:\/\/rest-cor.org\/fr\/wp-json\/wp\/v2\/pages\/568\/revisions\/2759"}],"wp:attachment":[{"href":"https:\/\/rest-cor.org\/fr\/wp-json\/wp\/v2\/media?parent=568"}],"curies":[{"name":"wp","href":"https:\/\/api.w.org\/{rel}","templated":true}]}}