{"id":576,"date":"2017-08-21T07:43:19","date_gmt":"2017-08-21T07:43:19","guid":{"rendered":"https:\/\/victorthemes.com\/themes\/groppe\/?page_id=576"},"modified":"2024-10-21T20:07:59","modified_gmt":"2024-10-21T18:07:59","slug":"contact","status":"publish","type":"page","link":"https:\/\/rest-cor.org\/fr\/contact\/","title":{"rendered":"Contact"},"content":{"rendered":"<div class=\"wpb-content-wrapper\"><div class=\"vc_row wpb_row vc_row-fluid grop-dhav-dotted vc_custom_1506606750513\"><div class=\"wpb_column vc_column_container text-left vc_col-sm-12 vc_col-lg-4 vc_col-md-4\"><div class=\"vc_column-inner\"><div class=\"wpb_wrapper\">\n\t<div class=\"wpb_text_column wpb_content_element grop-cgettouch_txt\" >\n\t\t<div class=\"wpb_wrapper\">\n\t\t\t<h3>Nous contacter<\/h3>\n<p>Nous sommes l\u00e0 pour vous aider \u00e0 tout moment partout dans le monde alors n&#8217;h\u00e9sitez pas \u00e0 nous joindre \u00e0 tout moment.<\/p>\n\n\t\t<\/div>\n\t<\/div>\n<div class=\"grop-cgettouch_info\">\n  <h4>Adresse<\/h4>  <address class=\"grop-cgettouch_locn\">\n    <span>Mail:<a href=\"mailto:contact@rest-cor.org\">info@rest-cor.org<\/a><\/span>  <\/address>\n<\/div>\n<\/div><\/div><\/div><div class=\"wpb_column vc_column_container text-left vc_col-sm-12 vc_col-lg-8 vc_col-md-8\"><div class=\"vc_column-inner vc_custom_1507709902761\"><div class=\"wpb_wrapper\"><div class=\"grop-contact_form grop-contact-69e5b1df19796\">\n<div class=\"wpcf7 no-js\" id=\"wpcf7-f1067-o1\" lang=\"en-US\" dir=\"ltr\" data-wpcf7-id=\"1067\">\n<div class=\"screen-reader-response\"><p role=\"status\" aria-live=\"polite\" aria-atomic=\"true\"><\/p> <ul><\/ul><\/div>\n<form action=\"\/fr\/wp-json\/wp\/v2\/pages\/576#wpcf7-f1067-o1\" method=\"post\" class=\"wpcf7-form init\" aria-label=\"Contact form\" novalidate=\"novalidate\" data-status=\"init\" data-trp-original-action=\"\/fr\/wp-json\/wp\/v2\/pages\/576#wpcf7-f1067-o1\">\n<fieldset class=\"hidden-fields-container\"><input type=\"hidden\" name=\"_wpcf7\" value=\"1067\" \/><input type=\"hidden\" name=\"_wpcf7_version\" value=\"6.1.5\" \/><input type=\"hidden\" name=\"_wpcf7_locale\" value=\"en_US\" \/><input type=\"hidden\" name=\"_wpcf7_unit_tag\" value=\"wpcf7-f1067-o1\" \/><input type=\"hidden\" name=\"_wpcf7_container_post\" value=\"0\" \/><input type=\"hidden\" name=\"_wpcf7_posted_data_hash\" value=\"\" \/>\n<\/fieldset>\n<div class=\"row grop-input-col-2 grop-confrm_sigl\">\n\t<div class=\"col-sm-6\">\n\t\t<p><span class=\"wpcf7-form-control-wrap\" data-name=\"text-932\"><input size=\"40\" maxlength=\"400\" class=\"wpcf7-form-control wpcf7-text wpcf7-validates-as-required grop-form-control\" aria-required=\"true\" aria-invalid=\"false\" placeholder=\"Nom\" value=\"\" type=\"text\" name=\"text-932\" \/><\/span>\n\t\t<\/p>\n\t<\/div>\n\t<div class=\"col-sm-6\">\n\t\t<p><span class=\"wpcf7-form-control-wrap\" data-name=\"email-431\"><input size=\"40\" maxlength=\"400\" class=\"wpcf7-form-control wpcf7-email wpcf7-validates-as-required wpcf7-text wpcf7-validates-as-email grop-form-control\" aria-required=\"true\" aria-invalid=\"false\" placeholder=\"Email\" value=\"\" type=\"email\" name=\"email-431\" \/><\/span>\n\t\t<\/p>\n\t<\/div>\n<\/div>\n<div class=\"grop-input-col-1 grop-confrm_sigl\">\n\t<p><span class=\"wpcf7-form-control-wrap\" data-name=\"subject\"><input size=\"40\" maxlength=\"400\" class=\"wpcf7-form-control wpcf7-text grop-form-control\" aria-invalid=\"false\" placeholder=\"Sujet\" value=\"\" type=\"text\" name=\"subject\" \/><\/span>\n\t<\/p>\n<\/div>\n<div class=\"grop-input-col-1 grop-confrm_sigl\">\n\t<p><span class=\"wpcf7-form-control-wrap\" data-name=\"textarea-261\"><textarea cols=\"40\" rows=\"10\" maxlength=\"2000\" class=\"wpcf7-form-control wpcf7-textarea wpcf7-validates-as-required grop-form-control\" aria-required=\"true\" aria-invalid=\"false\" placeholder=\"Message....\" name=\"textarea-261\"><\/textarea><\/span>\n\t<\/p>\n<\/div>\n<div class=\"grop-input-col-1  grop-confrm_sigl\">\n\t<p><button class=\"grop-btn grop-btn_overly grop-btn_submit\" type=\"submit\"><span>Envoyer<\/span><\/button>\n\t<\/p>\n<\/div><div class=\"wpcf7-response-output\" aria-hidden=\"true\"><\/div>\n<input type=\"hidden\" name=\"trp-form-language\" value=\"fr\"\/><\/form>\n<\/div>\n<\/div><\/div><\/div><\/div><\/div><div data-vc-full-width=\"true\" data-vc-full-width-init=\"false\" data-vc-stretch-content=\"true\" class=\"vc_row wpb_row vc_row-fluid grop-dhav-dotted vc_custom_1724203863048 vc_row-has-fill\"><div class=\"wpb_column vc_column_container text-left vc_col-sm-12\"><div class=\"vc_column-inner vc_custom_1505911260295\"><div class=\"wpb_wrapper\"><div class=\"grop-contact_social_area whitecolor\"><div class=\"container\"><div class=\"text-center  grop-contact_social\"><h3>REJOIGNEZ NOUS<\/h3><p>Suivez nous sur nos diff\u00e9rents comptes sociaux<\/p><ul class=\"list-inline  grop-csol_list\"><li><a href=\"https:\/\/www.facebook.com\" target=\"_blank\"><i class=\"fa fa-facebook-official\"><\/i><\/a><\/li><li><a href=\"https:\/\/www.instagram.com\" target=\"_blank\"><i class=\"fa fa-instagram\"><\/i><\/a><\/li><li><a href=\"https:\/\/www.youtube.com\/@rest-cor1122\/videos\" target=\"_blank\"><i class=\"fa fa-youtube\"><\/i><\/a><\/li><\/ul><\/div><\/div><\/div><\/div><\/div><\/div><\/div><div class=\"vc_row-full-width vc_clearfix\"><\/div>\n<\/div>","protected":false},"excerpt":{"rendered":"Nous contacter Nous sommes l\u00e0 pour vous aider \u00e0 tout moment partout dans le monde alors n'h\u00e9sitez pas \u00e0 nous joindre \u00e0 tout moment. Adresse Mail:info@rest-cor.org Envoyer REJOIGNEZ NOUSSuivez nous ...","protected":false},"author":1,"featured_media":0,"parent":0,"menu_order":0,"comment_status":"closed","ping_status":"closed","template":"","meta":{"footnotes":""},"class_list":["post-576","page","type-page","status-publish","hentry"],"_links":{"self":[{"href":"https:\/\/rest-cor.org\/fr\/wp-json\/wp\/v2\/pages\/576","targetHints":{"allow":["GET"]}}],"collection":[{"href":"https:\/\/rest-cor.org\/fr\/wp-json\/wp\/v2\/pages"}],"about":[{"href":"https:\/\/rest-cor.org\/fr\/wp-json\/wp\/v2\/types\/page"}],"author":[{"embeddable":true,"href":"https:\/\/rest-cor.org\/fr\/wp-json\/wp\/v2\/users\/1"}],"replies":[{"embeddable":true,"href":"https:\/\/rest-cor.org\/fr\/wp-json\/wp\/v2\/comments?post=576"}],"version-history":[{"count":7,"href":"https:\/\/rest-cor.org\/fr\/wp-json\/wp\/v2\/pages\/576\/revisions"}],"predecessor-version":[{"id":2798,"href":"https:\/\/rest-cor.org\/fr\/wp-json\/wp\/v2\/pages\/576\/revisions\/2798"}],"wp:attachment":[{"href":"https:\/\/rest-cor.org\/fr\/wp-json\/wp\/v2\/media?parent=576"}],"curies":[{"name":"wp","href":"https:\/\/api.w.org\/{rel}","templated":true}]}}