{"id":585,"date":"2017-08-21T07:46:44","date_gmt":"2017-08-21T07:46:44","guid":{"rendered":"https:\/\/victorthemes.com\/themes\/groppe\/gallery-2-column-copy\/"},"modified":"2024-08-21T03:42:52","modified_gmt":"2024-08-21T01:42:52","slug":"galerie","status":"publish","type":"page","link":"https:\/\/rest-cor.org\/fr\/galerie\/","title":{"rendered":"Galerie"},"content":{"rendered":"<div class=\"wpb-content-wrapper\"><div class=\"vc_row wpb_row vc_row-fluid grop-dhav-dotted\"><div class=\"wpb_column vc_column_container text-left vc_col-sm-12\"><div class=\"vc_column-inner\"><div class=\"wpb_wrapper\"><div class=\"grop-gallery_grid_area\">\n  <div class=\"grop-gallery-container\">\n    <div class=\"grop-filter_content_warp grop-gallery-69e5ad940e46c\">\n      <div id=\"grop_filters\" class=\"text-center grop-galryfilter_nav\">\n      <ul class=\"text-uppercase  list-inline\">\n  \t\t\t<li class=\"grop-filte_btn is-active\" data-filter=\"*\">All<\/li>\n        <li class=\"grop-filte_btn\" data-filter=\".cat-images\">Images<\/li>  \t\t<\/ul>\n    <\/div>\n    \n    <!-- Gallery Start -->\n      <div class=\"grop-filter_content  grop-galryfilter_content\">\n                  <div class=\"grop-filter_single_col grop-galry_col-3 cat-images\">\n                        <div class=\"text-center grop-gallery-image\">\n              <img decoding=\"async\" src=\"https:\/\/rest-cor.org\/wp-content\/uploads\/2024\/11\/3.jpg\" alt=\"Formation des \u00e9l\u00e8ves du Coll\u00e8ge moderne de Soubr\u00e9.\" \/>\n                          <\/div>\n                      <\/div>\n              <\/div>\n    <\/div>\n  <\/div>\n<\/div>\n<!-- Gallery End -->\n\n      <div class=\"text-center grop-posts-pagination-warp\">\n    <nav class=\"navigation pagination\">\n      <div class=\"nav-links\">\n            <\/div>\n    <\/nav>\n  <\/div>\n<\/div><\/div><\/div><\/div>\n<\/div>","protected":false},"excerpt":{"rendered":"&nbsp; Formation des \u00e9l\u00e8ves du Coll\u00e8ge moderne de Soubr\u00e9.","protected":false},"author":1,"featured_media":0,"parent":0,"menu_order":0,"comment_status":"closed","ping_status":"closed","template":"","meta":{"footnotes":""},"class_list":["post-585","page","type-page","status-publish","hentry"],"_links":{"self":[{"href":"https:\/\/rest-cor.org\/fr\/wp-json\/wp\/v2\/pages\/585","targetHints":{"allow":["GET"]}}],"collection":[{"href":"https:\/\/rest-cor.org\/fr\/wp-json\/wp\/v2\/pages"}],"about":[{"href":"https:\/\/rest-cor.org\/fr\/wp-json\/wp\/v2\/types\/page"}],"author":[{"embeddable":true,"href":"https:\/\/rest-cor.org\/fr\/wp-json\/wp\/v2\/users\/1"}],"replies":[{"embeddable":true,"href":"https:\/\/rest-cor.org\/fr\/wp-json\/wp\/v2\/comments?post=585"}],"version-history":[{"count":1,"href":"https:\/\/rest-cor.org\/fr\/wp-json\/wp\/v2\/pages\/585\/revisions"}],"predecessor-version":[{"id":2764,"href":"https:\/\/rest-cor.org\/fr\/wp-json\/wp\/v2\/pages\/585\/revisions\/2764"}],"wp:attachment":[{"href":"https:\/\/rest-cor.org\/fr\/wp-json\/wp\/v2\/media?parent=585"}],"curies":[{"name":"wp","href":"https:\/\/api.w.org\/{rel}","templated":true}]}}